{"id":3692,"date":"2025-12-09T22:52:10","date_gmt":"2025-12-09T20:52:10","guid":{"rendered":"https:\/\/balcauti.ro\/?page_id=3692"},"modified":"2025-12-09T22:52:10","modified_gmt":"2025-12-09T20:52:10","slug":"5-9-documentele-pe-care-autoritatea-locala-le-considera-oportun-de-publicat-in-interesul-cetatenilor","status":"publish","type":"page","link":"https:\/\/balcauti.ro\/index.php\/5-9-documentele-pe-care-autoritatea-locala-le-considera-oportun-de-publicat-in-interesul-cetatenilor\/","title":{"rendered":"5.9. Documentele pe care autoritatea local\u0103 le consider\u0103 oportun de publicat \u00een interesul cet\u0103\u021benilor"},"content":{"rendered":"        <div class=\"docwin-wrap\" data-category=\"alte-documente-9-documentele-pe-care-autoritatea-locala-le-considera-oportun-de-publicat-in-interesul-cetatenilor\">\r\n                                        <div class=\"docwin-empty-state\">\r\n                    <div class=\"docwin-empty-icon\">\r\n                        <svg xmlns=\"http:\/\/www.w3.org\/2000\/svg\" width=\"64\" height=\"64\" viewBox=\"0 0 24 24\" fill=\"none\" stroke=\"currentColor\" stroke-width=\"1\" stroke-linecap=\"round\" stroke-linejoin=\"round\"><path d=\"M14 2H6a2 2 0 0 0-2 2v16a2 2 0 0 0 2 2h12a2 2 0 0 0 2-2V8z\"><\/path><polyline points=\"14 2 14 8 20 8\"><\/polyline><line x1=\"9\" y1=\"15\" x2=\"15\" y2=\"15\"><\/line><\/svg>\r\n                    <\/div>\r\n                    <p>Nu exist\u0103 documente \u00een aceast\u0103 categorie.<\/p>\r\n                <\/div>\r\n                    <\/div>\r\n        \n","protected":false},"excerpt":{"rendered":"","protected":false},"author":1,"featured_media":0,"parent":0,"menu_order":0,"comment_status":"closed","ping_status":"closed","template":"","meta":{"ngg_post_thumbnail":0,"footnotes":""},"categories":[32],"tags":[],"class_list":["post-3692","page","type-page","status-publish","hentry","category-monitorul-oficial-local"],"_links":{"self":[{"href":"https:\/\/balcauti.ro\/index.php\/wp-json\/wp\/v2\/pages\/3692","targetHints":{"allow":["GET"]}}],"collection":[{"href":"https:\/\/balcauti.ro\/index.php\/wp-json\/wp\/v2\/pages"}],"about":[{"href":"https:\/\/balcauti.ro\/index.php\/wp-json\/wp\/v2\/types\/page"}],"author":[{"embeddable":true,"href":"https:\/\/balcauti.ro\/index.php\/wp-json\/wp\/v2\/users\/1"}],"replies":[{"embeddable":true,"href":"https:\/\/balcauti.ro\/index.php\/wp-json\/wp\/v2\/comments?post=3692"}],"version-history":[{"count":1,"href":"https:\/\/balcauti.ro\/index.php\/wp-json\/wp\/v2\/pages\/3692\/revisions"}],"predecessor-version":[{"id":3693,"href":"https:\/\/balcauti.ro\/index.php\/wp-json\/wp\/v2\/pages\/3692\/revisions\/3693"}],"wp:attachment":[{"href":"https:\/\/balcauti.ro\/index.php\/wp-json\/wp\/v2\/media?parent=3692"}],"wp:term":[{"taxonomy":"category","embeddable":true,"href":"https:\/\/balcauti.ro\/index.php\/wp-json\/wp\/v2\/categories?post=3692"},{"taxonomy":"post_tag","embeddable":true,"href":"https:\/\/balcauti.ro\/index.php\/wp-json\/wp\/v2\/tags?post=3692"}],"curies":[{"name":"wp","href":"https:\/\/api.w.org\/{rel}","templated":true}]}}